{"id":13430,"date":"2021-08-09T05:44:59","date_gmt":"2021-08-09T05:44:59","guid":{"rendered":"http:\/\/prosesdanismanlik.com\/?page_id=13430"},"modified":"2021-08-21T21:01:12","modified_gmt":"2021-08-21T21:01:12","slug":"tse-danismanligi","status":"publish","type":"page","link":"https:\/\/prosesdanismanlik.com\/index.php\/tse-danismanligi\/","title":{"rendered":"TSE Dan\u0131\u015fmanl\u0131\u011f\u0131"},"content":{"rendered":"\t\t<div data-elementor-type=\"wp-page\" data-elementor-id=\"13430\" class=\"elementor elementor-13430\">\n\t\t\t\t\t\t<section class=\"elementor-section elementor-top-section elementor-element elementor-element-25beed6 elementor-section-boxed elementor-section-height-default elementor-section-height-default\" data-id=\"25beed6\" data-element_type=\"section\">\n\t\t\t\t\t\t<div class=\"elementor-container elementor-column-gap-default\">\n\t\t\t\t\t<div class=\"elementor-column elementor-col-100 elementor-top-column elementor-element elementor-element-4431327\" data-id=\"4431327\" data-element_type=\"column\">\n\t\t\t<div class=\"elementor-widget-wrap elementor-element-populated\">\n\t\t\t\t\t\t<div class=\"elementor-element elementor-element-5695626 elementor-invisible elementor-widget elementor-widget-text-editor\" data-id=\"5695626\" data-element_type=\"widget\" data-settings=\"{&quot;_animation&quot;:&quot;fadeInLeft&quot;}\" data-widget_type=\"text-editor.default\">\n\t\t\t\t<div class=\"elementor-widget-container\">\n\t\t\t\t\t\t\t\t\t<p>Bir \u00fcr\u00fcn\u00fcn veya bir hizmetin belgelendirilmesi, \u00fcr\u00fcne veya hizmete ait \u00f6zel standartlar ve kriterlerde uygunlu\u011fun g\u00fcvence alt\u0131na al\u0131nmas\u0131n\u0131 sa\u011flayan bir yap\u0131 kurulmas\u0131 ile olu\u015fur. <b>TSE belgelendirme dan\u0131\u015fmanl\u0131\u011f\u0131<\/b> hizmetimiz firmalara bu yap\u0131y\u0131 kazand\u0131rmaktad\u0131r.<\/p>\t\t\t\t\t\t\t\t<\/div>\n\t\t\t\t<\/div>\n\t\t\t\t\t<\/div>\n\t\t<\/div>\n\t\t\t\t\t<\/div>\n\t\t<\/section>\n\t\t\t\t<section class=\"elementor-section elementor-top-section elementor-element elementor-element-ee3715a elementor-section-boxed elementor-section-height-default elementor-section-height-default\" data-id=\"ee3715a\" data-element_type=\"section\">\n\t\t\t\t\t\t<div class=\"elementor-container elementor-column-gap-default\">\n\t\t\t\t\t<div class=\"elementor-column elementor-col-100 elementor-top-column elementor-element elementor-element-06cf9ad\" data-id=\"06cf9ad\" data-element_type=\"column\">\n\t\t\t<div class=\"elementor-widget-wrap elementor-element-populated\">\n\t\t\t\t\t\t<div class=\"elementor-element elementor-element-b5d7bab elementor-invisible elementor-widget elementor-widget-text-editor\" data-id=\"b5d7bab\" data-element_type=\"widget\" data-settings=\"{&quot;_animation&quot;:&quot;fadeInRight&quot;}\" data-widget_type=\"text-editor.default\">\n\t\t\t\t<div class=\"elementor-widget-container\">\n\t\t\t\t\t\t\t\t\t<p>TSE Belgesi firmalar\u0131n, sorumlu olduklar\u0131 m\u00fc\u015fterilerine (bu m\u00fc\u015fteri \u015fah\u0131s veya resmi bir kurum olabilir) kar\u015f\u0131 TSE taraf\u0131ndan olu\u015fturulmu\u015f standartlarda \u00fcr\u00fcn sunduklar\u0131n\u0131 belgeleme a\u00e7\u0131s\u0131ndan son derece \u00f6nemli ve gereklidir.&nbsp;<\/p>\t\t\t\t\t\t\t\t<\/div>\n\t\t\t\t<\/div>\n\t\t\t\t\t<\/div>\n\t\t<\/div>\n\t\t\t\t\t<\/div>\n\t\t<\/section>\n\t\t\t\t<section class=\"elementor-section elementor-top-section elementor-element elementor-element-e66aacb elementor-section-boxed elementor-section-height-default elementor-section-height-default\" data-id=\"e66aacb\" data-element_type=\"section\">\n\t\t\t\t\t\t<div class=\"elementor-container elementor-column-gap-default\">\n\t\t\t\t\t<div class=\"elementor-column elementor-col-100 elementor-top-column elementor-element elementor-element-40aba3a\" data-id=\"40aba3a\" data-element_type=\"column\">\n\t\t\t<div class=\"elementor-widget-wrap elementor-element-populated\">\n\t\t\t\t\t\t<div class=\"elementor-element elementor-element-7324b9a elementor-invisible elementor-widget elementor-widget-text-editor\" data-id=\"7324b9a\" data-element_type=\"widget\" data-settings=\"{&quot;_animation&quot;:&quot;fadeInRight&quot;}\" data-widget_type=\"text-editor.default\">\n\t\t\t\t<div class=\"elementor-widget-container\">\n\t\t\t\t\t\t\t\t\t<p><span style=\"color: var( --e-global-color-secondary );\">TSE&nbsp; dan\u0131\u015fmanl\u0131k hizmetimiz, TSE ve TSE Hizmet Yeterlilik Belgelerini almak isteyen fakat bunun i\u00e7in ne gerekli zamana ne de bu i\u015flere ay\u0131racak personeli olmayan firmalara y\u00f6nelik tam kapsaml\u0131 dan\u0131\u015fmanl\u0131k \u00e7e\u015fididir. Bu dan\u0131\u015fmanl\u0131k s\u00fcresince i\u015fletmenizde bulunan t\u00fcm kalite y\u00f6netim sistemi eksiklerini, gerekli evraklar\u0131 ve dok\u00fcmantasyon yap\u0131s\u0131n\u0131 sizler ad\u0131na olu\u015fturuyoruz. Bununla birlikte TSE&#8217; ye ba\u015fvuru, gerekli standard\u0131n temini ve yap\u0131lmas\u0131 gereken t\u00fcm evrak \u00e7al\u0131\u015fmalar\u0131n\u0131 <b>Proses Dan\u0131\u015fmanl\u0131k<\/b> olarak biz yapmaktay\u0131z.&nbsp;<\/span><br><\/p>\t\t\t\t\t\t\t\t<\/div>\n\t\t\t\t<\/div>\n\t\t\t\t\t<\/div>\n\t\t<\/div>\n\t\t\t\t\t<\/div>\n\t\t<\/section>\n\t\t\t\t<section class=\"elementor-section elementor-top-section elementor-element elementor-element-6e4b098 elementor-section-boxed elementor-section-height-default elementor-section-height-default\" data-id=\"6e4b098\" data-element_type=\"section\">\n\t\t\t\t\t\t<div class=\"elementor-container elementor-column-gap-default\">\n\t\t\t\t\t<div class=\"elementor-column elementor-col-33 elementor-top-column elementor-element elementor-element-0aa2cce\" data-id=\"0aa2cce\" data-element_type=\"column\">\n\t\t\t<div class=\"elementor-widget-wrap elementor-element-populated\">\n\t\t\t\t\t\t<div class=\"elementor-element elementor-element-36b5fd3 elementor-widget elementor-widget-image\" data-id=\"36b5fd3\" data-element_type=\"widget\" data-widget_type=\"image.default\">\n\t\t\t\t<div class=\"elementor-widget-container\">\n\t\t\t\t\t\t\t\t\t\t\t\t<figure class=\"wp-caption\">\n\t\t\t\t\t\t\t\t\t\t<img decoding=\"async\" width=\"265\" height=\"81\" src=\"https:\/\/prosesdanismanlik.com\/wp-content\/uploads\/2021\/08\/TSE1.png\" class=\"elementor-animation-shrink attachment-large size-large wp-image-15382\" alt=\"\" \/>\t\t\t\t\t\t\t\t\t\t\t<figcaption class=\"widget-image-caption wp-caption-text\">\u00dcr\u00fcn\u00fcn \u00fcretiminden \u00fcr\u00fcn\u00fcn sevkine kadar t\u00fcm a\u015famalar\u0131n kontrol edilmesi, \u00fcr\u00fcn\u00fcn deneyleri, deneylerin kontroller ile izlenmesi, fabrika kalitesinin izlenmesi, ekipmanlar\u0131n takibine kadar t\u00fcm a\u015famalar\u0131n kontrol alt\u0131nda tutulmas\u0131 esast\u0131r.<\/figcaption>\n\t\t\t\t\t\t\t\t\t\t<\/figure>\n\t\t\t\t\t\t\t\t\t<\/div>\n\t\t\t\t<\/div>\n\t\t\t\t\t<\/div>\n\t\t<\/div>\n\t\t\t\t<div class=\"elementor-column elementor-col-33 elementor-top-column elementor-element elementor-element-2e5a3de\" data-id=\"2e5a3de\" data-element_type=\"column\">\n\t\t\t<div class=\"elementor-widget-wrap elementor-element-populated\">\n\t\t\t\t\t\t<div class=\"elementor-element elementor-element-7ea50f0 elementor-widget elementor-widget-spacer\" data-id=\"7ea50f0\" data-element_type=\"widget\" data-widget_type=\"spacer.default\">\n\t\t\t\t<div class=\"elementor-widget-container\">\n\t\t\t\t\t\t\t<div class=\"elementor-spacer\">\n\t\t\t<div class=\"elementor-spacer-inner\"><\/div>\n\t\t<\/div>\n\t\t\t\t\t\t<\/div>\n\t\t\t\t<\/div>\n\t\t\t\t\t<\/div>\n\t\t<\/div>\n\t\t\t\t<div class=\"elementor-column elementor-col-33 elementor-top-column elementor-element elementor-element-a612138\" data-id=\"a612138\" data-element_type=\"column\">\n\t\t\t<div class=\"elementor-widget-wrap elementor-element-populated\">\n\t\t\t\t\t\t<div class=\"elementor-element elementor-element-f30d7eb elementor-widget elementor-widget-image\" data-id=\"f30d7eb\" data-element_type=\"widget\" data-widget_type=\"image.default\">\n\t\t\t\t<div class=\"elementor-widget-container\">\n\t\t\t\t\t\t\t\t\t\t\t\t<figure class=\"wp-caption\">\n\t\t\t\t\t\t\t\t\t\t<img decoding=\"async\" width=\"293\" height=\"82\" src=\"https:\/\/prosesdanismanlik.com\/wp-content\/uploads\/2021\/08\/44.png\" class=\"elementor-animation-shrink attachment-large size-large wp-image-15432\" alt=\"\" \/>\t\t\t\t\t\t\t\t\t\t\t<figcaption class=\"widget-image-caption wp-caption-text\">Hizmetin nas\u0131l yap\u0131laca\u011f\u0131, hizmet yerinin uygunlu\u011fu, hizmetin kalitesinin izlenmesi, hizmeti sa\u011flama a\u015famas\u0131nda ilgili hizmet materyallerin uygunlu\u011fu ile ilgili t\u00fcm kriterler ilgili standarda uyumu ile sa\u011flamak esast\u0131r.<\/figcaption>\n\t\t\t\t\t\t\t\t\t\t<\/figure>\n\t\t\t\t\t\t\t\t\t<\/div>\n\t\t\t\t<\/div>\n\t\t\t\t\t<\/div>\n\t\t<\/div>\n\t\t\t\t\t<\/div>\n\t\t<\/section>\n\t\t\t\t<section class=\"elementor-section elementor-top-section elementor-element elementor-element-0cd8c0f elementor-section-boxed elementor-section-height-default elementor-section-height-default\" data-id=\"0cd8c0f\" data-element_type=\"section\">\n\t\t\t\t\t\t<div class=\"elementor-container elementor-column-gap-default\">\n\t\t\t\t\t<div class=\"elementor-column elementor-col-100 elementor-top-column elementor-element elementor-element-314d6ca\" data-id=\"314d6ca\" data-element_type=\"column\">\n\t\t\t<div class=\"elementor-widget-wrap elementor-element-populated\">\n\t\t\t\t\t\t<div class=\"elementor-element elementor-element-65154eb elementor-icon-list--layout-traditional elementor-list-item-link-full_width elementor-invisible elementor-widget elementor-widget-icon-list\" data-id=\"65154eb\" data-element_type=\"widget\" data-settings=\"{&quot;_animation&quot;:&quot;fadeInLeft&quot;}\" data-widget_type=\"icon-list.default\">\n\t\t\t\t<div class=\"elementor-widget-container\">\n\t\t\t\t\t\t\t<ul class=\"elementor-icon-list-items\">\n\t\t\t\t\t\t\t<li class=\"elementor-icon-list-item\">\n\t\t\t\t\t\t\t\t\t\t\t<span class=\"elementor-icon-list-icon\">\n\t\t\t\t\t\t\t<i aria-hidden=\"true\" class=\"fas fa-check-square\"><\/i>\t\t\t\t\t\t<\/span>\n\t\t\t\t\t\t\t\t\t\t<span class=\"elementor-icon-list-text\">T\u00fcrkiye pazar\u0131nda prestij, piyasada g\u00fcveni sa\u011flar,<\/span>\n\t\t\t\t\t\t\t\t\t<\/li>\n\t\t\t\t\t\t\t\t<li class=\"elementor-icon-list-item\">\n\t\t\t\t\t\t\t\t\t\t\t<span class=\"elementor-icon-list-icon\">\n\t\t\t\t\t\t\t<i aria-hidden=\"true\" class=\"fas fa-check-square\"><\/i>\t\t\t\t\t\t<\/span>\n\t\t\t\t\t\t\t\t\t\t<span class=\"elementor-icon-list-text\">T\u00fcketici g\u00f6z\u00fcnde g\u00fcven olu\u015fturur,<\/span>\n\t\t\t\t\t\t\t\t\t<\/li>\n\t\t\t\t\t\t\t\t<li class=\"elementor-icon-list-item\">\n\t\t\t\t\t\t\t\t\t\t\t<span class=\"elementor-icon-list-icon\">\n\t\t\t\t\t\t\t<i aria-hidden=\"true\" class=\"fas fa-check-square\"><\/i>\t\t\t\t\t\t<\/span>\n\t\t\t\t\t\t\t\t\t\t<span class=\"elementor-icon-list-text\">\u00d6zel sekt\u00f6r ve kamu ihalelerinde di\u011fer belgesiz firmalara g\u00f6re avantaj sa\u011flar,<\/span>\n\t\t\t\t\t\t\t\t\t<\/li>\n\t\t\t\t\t\t\t\t<li class=\"elementor-icon-list-item\">\n\t\t\t\t\t\t\t\t\t\t\t<span class=\"elementor-icon-list-icon\">\n\t\t\t\t\t\t\t<i aria-hidden=\"true\" class=\"fas fa-check-square\"><\/i>\t\t\t\t\t\t<\/span>\n\t\t\t\t\t\t\t\t\t\t<span class=\"elementor-icon-list-text\">\u00dcr\u00fcn\u00fcn veya hizmetin izlenmesini sa\u011flayarak hata oran\u0131n\u0131 en aza indirmeyi sa\u011flar.<\/span>\n\t\t\t\t\t\t\t\t\t<\/li>\n\t\t\t\t\t\t<\/ul>\n\t\t\t\t\t\t<\/div>\n\t\t\t\t<\/div>\n\t\t\t\t\t<\/div>\n\t\t<\/div>\n\t\t\t\t\t<\/div>\n\t\t<\/section>\n\t\t\t\t<\/div>\n\t\t","protected":false},"excerpt":{"rendered":"<p>Bir \u00fcr\u00fcn\u00fcn veya bir hizmetin belgelendirilmesi, \u00fcr\u00fcne veya hizmete ait \u00f6zel standartlar ve kriterlerde uygunlu\u011fun g\u00fcvence alt\u0131na al\u0131nmas\u0131n\u0131 sa\u011flayan bir yap\u0131 kurulmas\u0131 ile olu\u015fur. TSE belgelendirme dan\u0131\u015fmanl\u0131\u011f\u0131 hizmetimiz firmalara bu yap\u0131y\u0131 kazand\u0131rmaktad\u0131r. TSE Belgesi firmalar\u0131n, sorumlu olduklar\u0131 m\u00fc\u015fterilerine (bu m\u00fc\u015fteri \u015fah\u0131s veya resmi bir kurum olabilir) kar\u015f\u0131 TSE taraf\u0131ndan olu\u015fturulmu\u015f standartlarda \u00fcr\u00fcn sunduklar\u0131n\u0131 belgeleme a\u00e7\u0131s\u0131ndan&#8230;<\/p>\n","protected":false},"author":1,"featured_media":0,"parent":0,"menu_order":0,"comment_status":"closed","ping_status":"closed","template":"","meta":{"_monsterinsights_skip_tracking":false,"_monsterinsights_sitenote_active":false,"_monsterinsights_sitenote_note":"","_monsterinsights_sitenote_category":0,"footnotes":""},"class_list":["post-13430","page","type-page","status-publish","hentry"],"aioseo_notices":[],"_links":{"self":[{"href":"https:\/\/prosesdanismanlik.com\/index.php\/wp-json\/wp\/v2\/pages\/13430","targetHints":{"allow":["GET"]}}],"collection":[{"href":"https:\/\/prosesdanismanlik.com\/index.php\/wp-json\/wp\/v2\/pages"}],"about":[{"href":"https:\/\/prosesdanismanlik.com\/index.php\/wp-json\/wp\/v2\/types\/page"}],"author":[{"embeddable":true,"href":"https:\/\/prosesdanismanlik.com\/index.php\/wp-json\/wp\/v2\/users\/1"}],"replies":[{"embeddable":true,"href":"https:\/\/prosesdanismanlik.com\/index.php\/wp-json\/wp\/v2\/comments?post=13430"}],"version-history":[{"count":64,"href":"https:\/\/prosesdanismanlik.com\/index.php\/wp-json\/wp\/v2\/pages\/13430\/revisions"}],"predecessor-version":[{"id":15444,"href":"https:\/\/prosesdanismanlik.com\/index.php\/wp-json\/wp\/v2\/pages\/13430\/revisions\/15444"}],"wp:attachment":[{"href":"https:\/\/prosesdanismanlik.com\/index.php\/wp-json\/wp\/v2\/media?parent=13430"}],"curies":[{"name":"wp","href":"https:\/\/api.w.org\/{rel}","templated":true}]}}