{"id":13436,"date":"2021-08-09T06:23:39","date_gmt":"2021-08-09T06:23:39","guid":{"rendered":"http:\/\/prosesdanismanlik.com\/?page_id=13436"},"modified":"2021-09-14T14:28:14","modified_gmt":"2021-09-14T14:28:14","slug":"cevre-egitimleri","status":"publish","type":"page","link":"https:\/\/prosesdanismanlik.com\/index.php\/cevre-egitimleri\/","title":{"rendered":"\u00c7evre E\u011fitimleri"},"content":{"rendered":"\t\t<div data-elementor-type=\"wp-page\" data-elementor-id=\"13436\" class=\"elementor elementor-13436\">\n\t\t\t\t\t\t<section class=\"elementor-section elementor-top-section elementor-element elementor-element-e707e55 elementor-section-boxed elementor-section-height-default elementor-section-height-default\" data-id=\"e707e55\" data-element_type=\"section\">\n\t\t\t\t\t\t<div class=\"elementor-container elementor-column-gap-default\">\n\t\t\t\t\t<div class=\"elementor-column elementor-col-100 elementor-top-column elementor-element elementor-element-f100917\" data-id=\"f100917\" data-element_type=\"column\">\n\t\t\t<div class=\"elementor-widget-wrap elementor-element-populated\">\n\t\t\t\t\t\t<div class=\"elementor-element elementor-element-04bfea2 elementor-invisible elementor-widget elementor-widget-heading\" data-id=\"04bfea2\" data-element_type=\"widget\" data-settings=\"{&quot;_animation&quot;:&quot;fadeInLeft&quot;}\" data-widget_type=\"heading.default\">\n\t\t\t\t<div class=\"elementor-widget-container\">\n\t\t\t\t\t<h2 class=\"elementor-heading-title elementor-size-default\">\u00c7evre E\u011fitimi<\/h2>\t\t\t\t<\/div>\n\t\t\t\t<\/div>\n\t\t\t\t\t<\/div>\n\t\t<\/div>\n\t\t\t\t\t<\/div>\n\t\t<\/section>\n\t\t\t\t<section class=\"elementor-section elementor-top-section elementor-element elementor-element-324e253 elementor-section-boxed elementor-section-height-default elementor-section-height-default\" data-id=\"324e253\" data-element_type=\"section\">\n\t\t\t\t\t\t<div class=\"elementor-container elementor-column-gap-default\">\n\t\t\t\t\t<div class=\"elementor-column elementor-col-50 elementor-top-column elementor-element elementor-element-e95e07e\" data-id=\"e95e07e\" data-element_type=\"column\">\n\t\t\t<div class=\"elementor-widget-wrap elementor-element-populated\">\n\t\t\t\t\t\t<div class=\"elementor-element elementor-element-a1edb0f elementor-widget elementor-widget-text-editor\" data-id=\"a1edb0f\" data-element_type=\"widget\" data-widget_type=\"text-editor.default\">\n\t\t\t\t<div class=\"elementor-widget-container\">\n\t\t\t\t\t\t\t\t\t<p>\u00c7evre E\u011fitimi\u00a0her kurulu\u015fun kendi b\u00fcnyesinde \u00e7al\u0131\u015fan personelin \u00e7evre konusunda bilin\u00e7lenmesi i\u00e7in gerekli olan bir \u00e7al\u0131\u015fmad\u0131r. \u00c7evre ve \u015eehircilik Bakanl\u0131\u011f\u0131, her i\u015fletme i\u00e7in \u00c7ED kapsam\u0131nda, At\u0131klar kapsam\u0131nda, \u00c7evre izni\u00a0kapsam\u0131nda \u00e7evre e\u011fitimi verilmesi gerekti\u011fini bildirir. Bu e\u011fitimler y\u0131lda en az 1 kere tekrarlanmal\u0131d\u0131r. E\u011fitim esnas\u0131nda \u00e7al\u0131\u015fanlarla soru cevap \u015feklinde ilerlenmeli ve g\u00f6rsel olarak sunumlar\u0131n haz\u0131rlanmas\u0131 gerekmektedir. Baz\u0131 firmalara marka denetimi kapsam\u0131nda \u00e7evre dan\u0131\u015fmanl\u0131k yap\u0131lan denetimler neticesinde de \u00e7evre e\u011fitimi yap\u0131lmas\u0131 \u00f6n g\u00f6r\u00fclmektedir. Bu e\u011fitimde en dikkat edilmesi gereken husus, at\u0131klar\u0131n kayna\u011f\u0131nda do\u011fru olarak ayr\u0131\u015ft\u0131r\u0131lmas\u0131, at\u0131k kodlar\u0131n\u0131n tan\u0131m\u0131, at\u0131k sahas\u0131n\u0131n yeri konumu, hangi at\u0131klar ne \u015fekilde bertarafa edilmesi gibi hususta \u00e7al\u0131\u015fmalar ger\u00e7ekle\u015ftirilmektedir. 1982 Anayasas\u0131n\u0131n 56. maddesinde \u201d Herkes sa\u011fl\u0131kl\u0131 ve dengeli bir \u00e7evrede ya\u015fama hakk\u0131na sahiptir, \u00e7evreyi geli\u015ftirmek, \u00e7evre sa\u011fl\u0131\u011f\u0131n\u0131 korumak ve \u00e7evre kirlenmesini \u00f6nlemek devletin ve vatanda\u015flar\u0131n \u00f6devidir\u201d denilmektedir.\u00a0 Bu maddeyi ilke edinerek hizmet verdi\u011fimiz t\u00fcm sekt\u00f6rlerde uzman\u00a0<strong>Proses Dan\u0131\u015fmanl\u0131k<\/strong>\u00a0kadrosu taraf\u0131ndan tesis \u00e7al\u0131\u015fanlar\u0131na a\u015fa\u011f\u0131daki konularda d\u00fczenli olarak \u00c7evre E\u011fitimleri verilmektedir. \u00a0\u00a0\u00a0\u00a0<\/p><ul><li>\u00c7evrenin \u00d6nemi ve \u00c7evre Kirlili\u011finin Sonu\u00e7lar\u0131 \u00a0\u00a0\u00a0\u00a0<\/li><li>\u00c7evre Mevzuat\u0131 Gere\u011fi Sorumluluklar ve G\u00f6revler \u00a0\u00a0\u00a0\u00a0<\/li><li>\u00c7evresel Yapt\u0131r\u0131mlar \u00a0\u00a0\u00a0\u00a0<\/li><li>\u00c7evre Mevzuat\u0131 E\u011fitimi \u00a0\u00a0\u00a0\u00a0<\/li><li>\u00c7evre \u0130zin ve Lisans Bilgilendirme E\u011fitimi<\/li><\/ul>\t\t\t\t\t\t\t\t<\/div>\n\t\t\t\t<\/div>\n\t\t\t\t\t<\/div>\n\t\t<\/div>\n\t\t\t\t<div class=\"elementor-column elementor-col-50 elementor-top-column elementor-element elementor-element-13ecd11\" data-id=\"13ecd11\" data-element_type=\"column\">\n\t\t\t<div class=\"elementor-widget-wrap elementor-element-populated\">\n\t\t\t\t\t\t<div class=\"elementor-element elementor-element-3792b4f elementor-widget elementor-widget-image\" data-id=\"3792b4f\" data-element_type=\"widget\" data-widget_type=\"image.default\">\n\t\t\t\t<div class=\"elementor-widget-container\">\n\t\t\t\t\t\t\t\t\t\t\t\t\t\t\t<img fetchpriority=\"high\" decoding=\"async\" width=\"640\" height=\"640\" src=\"https:\/\/prosesdanismanlik.com\/wp-content\/uploads\/2021\/09\/cevre-egitim-gorsel.jpg\" class=\"attachment-large size-large wp-image-16101\" alt=\"\" srcset=\"https:\/\/prosesdanismanlik.com\/wp-content\/uploads\/2021\/09\/cevre-egitim-gorsel.jpg 720w, https:\/\/prosesdanismanlik.com\/wp-content\/uploads\/2021\/09\/cevre-egitim-gorsel-300x300.jpg 300w, https:\/\/prosesdanismanlik.com\/wp-content\/uploads\/2021\/09\/cevre-egitim-gorsel-150x150.jpg 150w, https:\/\/prosesdanismanlik.com\/wp-content\/uploads\/2021\/09\/cevre-egitim-gorsel-500x500.jpg 500w, https:\/\/prosesdanismanlik.com\/wp-content\/uploads\/2021\/09\/cevre-egitim-gorsel-600x600.jpg 600w, https:\/\/prosesdanismanlik.com\/wp-content\/uploads\/2021\/09\/cevre-egitim-gorsel-100x100.jpg 100w\" sizes=\"(max-width: 640px) 100vw, 640px\" \/>\t\t\t\t\t\t\t\t\t\t\t\t\t\t\t<\/div>\n\t\t\t\t<\/div>\n\t\t\t\t\t<\/div>\n\t\t<\/div>\n\t\t\t\t\t<\/div>\n\t\t<\/section>\n\t\t\t\t<\/div>\n\t\t","protected":false},"excerpt":{"rendered":"<p>\u00c7evre E\u011fitimi \u00c7evre E\u011fitimi\u00a0her kurulu\u015fun kendi b\u00fcnyesinde \u00e7al\u0131\u015fan personelin \u00e7evre konusunda bilin\u00e7lenmesi i\u00e7in gerekli olan bir \u00e7al\u0131\u015fmad\u0131r. \u00c7evre ve \u015eehircilik Bakanl\u0131\u011f\u0131, her i\u015fletme i\u00e7in \u00c7ED kapsam\u0131nda, At\u0131klar kapsam\u0131nda, \u00c7evre izni\u00a0kapsam\u0131nda \u00e7evre e\u011fitimi verilmesi gerekti\u011fini bildirir. Bu e\u011fitimler y\u0131lda en az 1 kere tekrarlanmal\u0131d\u0131r. E\u011fitim esnas\u0131nda \u00e7al\u0131\u015fanlarla soru cevap \u015feklinde ilerlenmeli ve g\u00f6rsel olarak sunumlar\u0131n haz\u0131rlanmas\u0131&#8230;<\/p>\n","protected":false},"author":1,"featured_media":0,"parent":0,"menu_order":0,"comment_status":"closed","ping_status":"closed","template":"","meta":{"_monsterinsights_skip_tracking":false,"_monsterinsights_sitenote_active":false,"_monsterinsights_sitenote_note":"","_monsterinsights_sitenote_category":0,"footnotes":""},"class_list":["post-13436","page","type-page","status-publish","hentry"],"aioseo_notices":[],"_links":{"self":[{"href":"https:\/\/prosesdanismanlik.com\/index.php\/wp-json\/wp\/v2\/pages\/13436","targetHints":{"allow":["GET"]}}],"collection":[{"href":"https:\/\/prosesdanismanlik.com\/index.php\/wp-json\/wp\/v2\/pages"}],"about":[{"href":"https:\/\/prosesdanismanlik.com\/index.php\/wp-json\/wp\/v2\/types\/page"}],"author":[{"embeddable":true,"href":"https:\/\/prosesdanismanlik.com\/index.php\/wp-json\/wp\/v2\/users\/1"}],"replies":[{"embeddable":true,"href":"https:\/\/prosesdanismanlik.com\/index.php\/wp-json\/wp\/v2\/comments?post=13436"}],"version-history":[{"count":13,"href":"https:\/\/prosesdanismanlik.com\/index.php\/wp-json\/wp\/v2\/pages\/13436\/revisions"}],"predecessor-version":[{"id":16107,"href":"https:\/\/prosesdanismanlik.com\/index.php\/wp-json\/wp\/v2\/pages\/13436\/revisions\/16107"}],"wp:attachment":[{"href":"https:\/\/prosesdanismanlik.com\/index.php\/wp-json\/wp\/v2\/media?parent=13436"}],"curies":[{"name":"wp","href":"https:\/\/api.w.org\/{rel}","templated":true}]}}