{"id":13438,"date":"2021-08-09T06:24:58","date_gmt":"2021-08-09T06:24:58","guid":{"rendered":"http:\/\/prosesdanismanlik.com\/?page_id=13438"},"modified":"2021-09-14T14:21:13","modified_gmt":"2021-09-14T14:21:13","slug":"yonetim-sistem-egitimleri","status":"publish","type":"page","link":"https:\/\/prosesdanismanlik.com\/index.php\/yonetim-sistem-egitimleri\/","title":{"rendered":"Y\u00f6netim Sistem E\u011fitimleri"},"content":{"rendered":"\t\t<div data-elementor-type=\"wp-page\" data-elementor-id=\"13438\" class=\"elementor elementor-13438\">\n\t\t\t\t\t\t<section class=\"elementor-section elementor-top-section elementor-element elementor-element-a27bb4c elementor-section-boxed elementor-section-height-default elementor-section-height-default\" data-id=\"a27bb4c\" data-element_type=\"section\">\n\t\t\t\t\t\t<div class=\"elementor-container elementor-column-gap-default\">\n\t\t\t\t\t<div class=\"elementor-column elementor-col-100 elementor-top-column elementor-element elementor-element-7c9a07a\" data-id=\"7c9a07a\" data-element_type=\"column\">\n\t\t\t<div class=\"elementor-widget-wrap elementor-element-populated\">\n\t\t\t\t\t\t<div class=\"elementor-element elementor-element-51a2db1 elementor-widget elementor-widget-text-editor\" data-id=\"51a2db1\" data-element_type=\"widget\" data-widget_type=\"text-editor.default\">\n\t\t\t\t<div class=\"elementor-widget-container\">\n\t\t\t\t\t\t\t\t\t<p><strong>Proses Dan\u0131\u015fmanl\u0131k<\/strong> olarak, y\u00f6netim sistemleri e\u011fitimleri hizmetlerinde, yap\u0131lan e\u011fitim ve geli\u015fim yat\u0131r\u0131m\u0131n\u0131n, hem \u00e7al\u0131\u015fanlar hem de hizmet alan kurulu\u015f i\u00e7in bir de\u011fer yaratmas\u0131 ve kurulu\u015fun stratejik hedefleri ile ili\u015fkili olmas\u0131 esast\u0131r. E\u011fitimlerimizde kat\u0131l\u0131mc\u0131lar\u0131n kendi geli\u015fimlerinin sorumlulu\u011funu \u00fcstlenerek s\u00fcrekli \u00f6\u011frenmeleri, kendilerini ve yapt\u0131klar\u0131 i\u015fleri geli\u015ftirmeleri ama\u00e7lanmaktad\u0131r. Bu kapsamda a\u015fa\u011f\u0131daki e\u011fitimleri deneyimli e\u011fiticilerimiz ile birlikte vermekteyiz.<\/p>\t\t\t\t\t\t\t\t<\/div>\n\t\t\t\t<\/div>\n\t\t\t\t\t<\/div>\n\t\t<\/div>\n\t\t\t\t\t<\/div>\n\t\t<\/section>\n\t\t\t\t<section class=\"elementor-section elementor-top-section elementor-element elementor-element-3f7775b elementor-section-boxed elementor-section-height-default elementor-section-height-default\" data-id=\"3f7775b\" data-element_type=\"section\">\n\t\t\t\t\t\t<div class=\"elementor-container elementor-column-gap-default\">\n\t\t\t\t\t<div class=\"elementor-column elementor-col-100 elementor-top-column elementor-element elementor-element-b0efbea\" data-id=\"b0efbea\" data-element_type=\"column\">\n\t\t\t<div class=\"elementor-widget-wrap elementor-element-populated\">\n\t\t\t\t\t\t<div class=\"elementor-element elementor-element-0a18770 elementor-icon-list--layout-traditional elementor-list-item-link-full_width elementor-widget elementor-widget-icon-list\" data-id=\"0a18770\" data-element_type=\"widget\" data-widget_type=\"icon-list.default\">\n\t\t\t\t<div class=\"elementor-widget-container\">\n\t\t\t\t\t\t\t<ul class=\"elementor-icon-list-items\">\n\t\t\t\t\t\t\t<li class=\"elementor-icon-list-item\">\n\t\t\t\t\t\t\t\t\t\t\t<span class=\"elementor-icon-list-icon\">\n\t\t\t\t\t\t\t<i aria-hidden=\"true\" class=\"fas fa-feather\"><\/i>\t\t\t\t\t\t<\/span>\n\t\t\t\t\t\t\t\t\t\t<span class=\"elementor-icon-list-text\">ISO 9001 Kalite Y\u00f6netim Sistemi Temel Tan\u0131t\u0131m E\u011fitimi,<\/span>\n\t\t\t\t\t\t\t\t\t<\/li>\n\t\t\t\t\t\t\t\t<li class=\"elementor-icon-list-item\">\n\t\t\t\t\t\t\t\t\t\t\t<span class=\"elementor-icon-list-icon\">\n\t\t\t\t\t\t\t<i aria-hidden=\"true\" class=\"fas fa-feather\"><\/i>\t\t\t\t\t\t<\/span>\n\t\t\t\t\t\t\t\t\t\t<span class=\"elementor-icon-list-text\">ISO 9001 Kalite Y\u00f6netim Sistemi Uygulama ve Dok\u00fcmantasyon E\u011fitimi,<\/span>\n\t\t\t\t\t\t\t\t\t<\/li>\n\t\t\t\t\t\t\t\t<li class=\"elementor-icon-list-item\">\n\t\t\t\t\t\t\t\t\t\t\t<span class=\"elementor-icon-list-icon\">\n\t\t\t\t\t\t\t<i aria-hidden=\"true\" class=\"fas fa-feather\"><\/i>\t\t\t\t\t\t<\/span>\n\t\t\t\t\t\t\t\t\t\t<span class=\"elementor-icon-list-text\">ISO 9001 Kalite Y\u00f6netim Sistemi \u0130\u00e7 Tetkik\u00e7i E\u011fitimi,<\/span>\n\t\t\t\t\t\t\t\t\t<\/li>\n\t\t\t\t\t\t\t\t<li class=\"elementor-icon-list-item\">\n\t\t\t\t\t\t\t\t\t\t\t<span class=\"elementor-icon-list-icon\">\n\t\t\t\t\t\t\t<i aria-hidden=\"true\" class=\"fas fa-feather\"><\/i>\t\t\t\t\t\t<\/span>\n\t\t\t\t\t\t\t\t\t\t<span class=\"elementor-icon-list-text\">ISO 14001 \u00c7evre Y\u00f6netim Sistemi Temel Tan\u0131t\u0131m E\u011fitimi,<\/span>\n\t\t\t\t\t\t\t\t\t<\/li>\n\t\t\t\t\t\t\t\t<li class=\"elementor-icon-list-item\">\n\t\t\t\t\t\t\t\t\t\t\t<span class=\"elementor-icon-list-icon\">\n\t\t\t\t\t\t\t<i aria-hidden=\"true\" class=\"fas fa-feather\"><\/i>\t\t\t\t\t\t<\/span>\n\t\t\t\t\t\t\t\t\t\t<span class=\"elementor-icon-list-text\">ISO 14001 \u00c7evre Y\u00f6netim Sistemi Uygulama ve Dok\u00fcmantasyon E\u011fitimi,<\/span>\n\t\t\t\t\t\t\t\t\t<\/li>\n\t\t\t\t\t\t\t\t<li class=\"elementor-icon-list-item\">\n\t\t\t\t\t\t\t\t\t\t\t<span class=\"elementor-icon-list-icon\">\n\t\t\t\t\t\t\t<i aria-hidden=\"true\" class=\"fas fa-feather\"><\/i>\t\t\t\t\t\t<\/span>\n\t\t\t\t\t\t\t\t\t\t<span class=\"elementor-icon-list-text\">ISO 14001 \u00c7evre Y\u00f6netim Sistemi \u0130\u00e7 Tetki\u00e7i E\u011fitimi,<\/span>\n\t\t\t\t\t\t\t\t\t<\/li>\n\t\t\t\t\t\t\t\t<li class=\"elementor-icon-list-item\">\n\t\t\t\t\t\t\t\t\t\t\t<span class=\"elementor-icon-list-icon\">\n\t\t\t\t\t\t\t<i aria-hidden=\"true\" class=\"fas fa-feather\"><\/i>\t\t\t\t\t\t<\/span>\n\t\t\t\t\t\t\t\t\t\t<span class=\"elementor-icon-list-text\">ISO 22000 G\u0131da G\u00fcvenli\u011fi Y\u00f6netim Sistemi Temel Tan\u0131t\u0131m E\u011fitimi,<\/span>\n\t\t\t\t\t\t\t\t\t<\/li>\n\t\t\t\t\t\t\t\t<li class=\"elementor-icon-list-item\">\n\t\t\t\t\t\t\t\t\t\t\t<span class=\"elementor-icon-list-icon\">\n\t\t\t\t\t\t\t<i aria-hidden=\"true\" class=\"fas fa-feather\"><\/i>\t\t\t\t\t\t<\/span>\n\t\t\t\t\t\t\t\t\t\t<span class=\"elementor-icon-list-text\">ISO 22000 G\u0131da G\u00fcvenli\u011fi Y\u00f6netim Sistemi Uygulama ve Dok\u00fcmantasyon E\u011fitimi,<\/span>\n\t\t\t\t\t\t\t\t\t<\/li>\n\t\t\t\t\t\t\t\t<li class=\"elementor-icon-list-item\">\n\t\t\t\t\t\t\t\t\t\t\t<span class=\"elementor-icon-list-icon\">\n\t\t\t\t\t\t\t<i aria-hidden=\"true\" class=\"fas fa-feather\"><\/i>\t\t\t\t\t\t<\/span>\n\t\t\t\t\t\t\t\t\t\t<span class=\"elementor-icon-list-text\">ISO 22000 G\u0131da G\u00fcvenli\u011fi Y\u00f6netim Sistemi \u0130\u00e7 Tetkik\u00e7i E\u011fitimi,<\/span>\n\t\t\t\t\t\t\t\t\t<\/li>\n\t\t\t\t\t\t\t\t<li class=\"elementor-icon-list-item\">\n\t\t\t\t\t\t\t\t\t\t\t<span class=\"elementor-icon-list-icon\">\n\t\t\t\t\t\t\t<i aria-hidden=\"true\" class=\"fas fa-feather\"><\/i>\t\t\t\t\t\t<\/span>\n\t\t\t\t\t\t\t\t\t\t<span class=\"elementor-icon-list-text\">ISO 27001 Bilgi G\u00fcvenli\u011fi Y\u00f6netim Sistemi Temel ve Dok\u00fcmantasyon E\u011fitimi<\/span>\n\t\t\t\t\t\t\t\t\t<\/li>\n\t\t\t\t\t\t\t\t<li class=\"elementor-icon-list-item\">\n\t\t\t\t\t\t\t\t\t\t\t<span class=\"elementor-icon-list-icon\">\n\t\t\t\t\t\t\t<i aria-hidden=\"true\" class=\"fas fa-feather\"><\/i>\t\t\t\t\t\t<\/span>\n\t\t\t\t\t\t\t\t\t\t<span class=\"elementor-icon-list-text\">ISO 27001 Bilgi G\u00fcvenli\u011fi Y\u00f6netim Sistemi \u0130\u00e7 Tetkik\u00e7i  E\u011fitimi<\/span>\n\t\t\t\t\t\t\t\t\t<\/li>\n\t\t\t\t\t\t\t\t<li class=\"elementor-icon-list-item\">\n\t\t\t\t\t\t\t\t\t\t\t<span class=\"elementor-icon-list-icon\">\n\t\t\t\t\t\t\t<i aria-hidden=\"true\" class=\"fas fa-feather\"><\/i>\t\t\t\t\t\t<\/span>\n\t\t\t\t\t\t\t\t\t\t<span class=\"elementor-icon-list-text\">ISO 10002 M\u00fc\u015fteri Memnuniyeti Y\u00f6netim Sistemi Temel ve Dok\u00fcmantasyon E\u011fitimi,<\/span>\n\t\t\t\t\t\t\t\t\t<\/li>\n\t\t\t\t\t\t\t\t<li class=\"elementor-icon-list-item\">\n\t\t\t\t\t\t\t\t\t\t\t<span class=\"elementor-icon-list-icon\">\n\t\t\t\t\t\t\t<i aria-hidden=\"true\" class=\"fas fa-feather\"><\/i>\t\t\t\t\t\t<\/span>\n\t\t\t\t\t\t\t\t\t\t<span class=\"elementor-icon-list-text\">ISO 10002 M\u00fc\u015fteri Memnuniyeti Y\u00f6netim Sistemi \/ M\u00fc\u015fteri Memnuniyeti ve \u015eikayet Y\u00f6netimi E\u011fitimi,<\/span>\n\t\t\t\t\t\t\t\t\t<\/li>\n\t\t\t\t\t\t\t\t<li class=\"elementor-icon-list-item\">\n\t\t\t\t\t\t\t\t\t\t\t<span class=\"elementor-icon-list-icon\">\n\t\t\t\t\t\t\t<i aria-hidden=\"true\" class=\"fas fa-feather\"><\/i>\t\t\t\t\t\t<\/span>\n\t\t\t\t\t\t\t\t\t\t<span class=\"elementor-icon-list-text\">ISO 45001 \u0130\u015f Sa\u011fl\u0131\u011f\u0131 ve G\u00fcvenli\u011fi Temel ve Dok\u00fcmantasyon E\u011fitimi,<\/span>\n\t\t\t\t\t\t\t\t\t<\/li>\n\t\t\t\t\t\t\t\t<li class=\"elementor-icon-list-item\">\n\t\t\t\t\t\t\t\t\t\t\t<span class=\"elementor-icon-list-icon\">\n\t\t\t\t\t\t\t<i aria-hidden=\"true\" class=\"fas fa-feather\"><\/i>\t\t\t\t\t\t<\/span>\n\t\t\t\t\t\t\t\t\t\t<span class=\"elementor-icon-list-text\">ISO 45001 \u0130\u015f Sa\u011fl\u0131\u011f\u0131 ve G\u00fcvenli\u011fi \u0130\u00e7 Tetkik\u00e7i E\u011fitimi,<\/span>\n\t\t\t\t\t\t\t\t\t<\/li>\n\t\t\t\t\t\t<\/ul>\n\t\t\t\t\t\t<\/div>\n\t\t\t\t<\/div>\n\t\t\t\t\t<\/div>\n\t\t<\/div>\n\t\t\t\t\t<\/div>\n\t\t<\/section>\n\t\t\t\t<section class=\"elementor-section elementor-top-section elementor-element elementor-element-03c4c19 elementor-section-boxed elementor-section-height-default elementor-section-height-default\" data-id=\"03c4c19\" data-element_type=\"section\">\n\t\t\t\t\t\t<div class=\"elementor-container elementor-column-gap-default\">\n\t\t\t\t\t<div class=\"elementor-column elementor-col-100 elementor-top-column elementor-element elementor-element-c893593\" data-id=\"c893593\" data-element_type=\"column\">\n\t\t\t<div class=\"elementor-widget-wrap elementor-element-populated\">\n\t\t\t\t\t\t<div class=\"elementor-element elementor-element-6ca4653 elementor-widget elementor-widget-heading\" data-id=\"6ca4653\" data-element_type=\"widget\" data-widget_type=\"heading.default\">\n\t\t\t\t<div class=\"elementor-widget-container\">\n\t\t\t\t\t<h2 class=\"elementor-heading-title elementor-size-default\">Y\u00f6netim Sistemleri E\u011fitimlerinde Proses Dan\u0131\u015fmanl\u0131k Fark\u0131<\/h2>\t\t\t\t<\/div>\n\t\t\t\t<\/div>\n\t\t\t\t<div class=\"elementor-element elementor-element-f1ad775 elementor-widget elementor-widget-text-editor\" data-id=\"f1ad775\" data-element_type=\"widget\" data-widget_type=\"text-editor.default\">\n\t\t\t\t<div class=\"elementor-widget-container\">\n\t\t\t\t\t\t\t\t\t<p><strong>Sizi Anlar\u0131z: <\/strong>Uzman E\u011fitimcilerimiz ile e\u011fitim \u00f6ncesinde kurulu\u015funuzun ihtiya\u00e7 ve beklentilerini analiz ederiz,<\/p><p><strong>Size \u00d6zel Tasarlar\u0131z: <\/strong>\u0130htiya\u00e7 ve beklentilerinize en iyi \u015fekilde yan\u0131t verecek e\u011fitim program\u0131n\u0131 size \u00f6zel haz\u0131rlar\u0131z,<\/p><p><strong>Hayata Ge\u00e7iririz: <\/strong>E\u011fitim program\u0131n\u0131n hedeflenen kazan\u0131mlar\u0131 kat\u0131l\u0131mc\u0131lar\u0131n davran\u0131\u015flar\u0131na yans\u0131tmas\u0131 i\u00e7in \u00f6zenle ger\u00e7ekle\u015ftiririz,<\/p><p><strong>Ba\u015far\u0131y\u0131 Analiz Ederiz:<\/strong> E\u011fitim sonras\u0131nda program\u0131n kazan\u0131mlar\u0131 \u0131\u015f\u0131\u011f\u0131nda kat\u0131l\u0131mc\u0131lar\u0131n de\u011fi\u015fimlerinin ne \u00f6l\u00e7\u00fcde oldu\u011funu de\u011ferlendiririz,<\/p><p><strong>\u0130statistiksel Olarak Destekleriz:<\/strong> E\u011fitim s\u00fcrecinin de\u011ferlendirmesini en ince ayr\u0131nt\u0131lar\u0131 ile analiz eder ve \u00fcst y\u00f6netime sunar\u0131z,<\/p><p><strong>Takip Ederiz:<\/strong> S\u00fcrekli dan\u0131\u015fmanl\u0131k ve\/veya e\u011fitim hizmeti verdi\u011fimiz kurulu\u015flarda e\u011fitimin etkinli\u011fini takip ederek \u00f6\u011frenilen bilgi, beceri ve tutumlar\u0131n kat\u0131l\u0131mc\u0131lardaki olu\u015fturdu\u011fu etkile\u015fimi takip ederiz<\/p>\t\t\t\t\t\t\t\t<\/div>\n\t\t\t\t<\/div>\n\t\t\t\t\t<\/div>\n\t\t<\/div>\n\t\t\t\t\t<\/div>\n\t\t<\/section>\n\t\t\t\t<\/div>\n\t\t","protected":false},"excerpt":{"rendered":"<p>Proses Dan\u0131\u015fmanl\u0131k olarak, y\u00f6netim sistemleri e\u011fitimleri hizmetlerinde, yap\u0131lan e\u011fitim ve geli\u015fim yat\u0131r\u0131m\u0131n\u0131n, hem \u00e7al\u0131\u015fanlar hem de hizmet alan kurulu\u015f i\u00e7in bir de\u011fer yaratmas\u0131 ve kurulu\u015fun stratejik hedefleri ile ili\u015fkili olmas\u0131 esast\u0131r. E\u011fitimlerimizde kat\u0131l\u0131mc\u0131lar\u0131n kendi geli\u015fimlerinin sorumlulu\u011funu \u00fcstlenerek s\u00fcrekli \u00f6\u011frenmeleri, kendilerini ve yapt\u0131klar\u0131 i\u015fleri geli\u015ftirmeleri ama\u00e7lanmaktad\u0131r. Bu kapsamda a\u015fa\u011f\u0131daki e\u011fitimleri deneyimli e\u011fiticilerimiz ile birlikte vermekteyiz. ISO&#8230;<\/p>\n","protected":false},"author":1,"featured_media":0,"parent":0,"menu_order":0,"comment_status":"closed","ping_status":"closed","template":"","meta":{"_monsterinsights_skip_tracking":false,"_monsterinsights_sitenote_active":false,"_monsterinsights_sitenote_note":"","_monsterinsights_sitenote_category":0,"footnotes":""},"class_list":["post-13438","page","type-page","status-publish","hentry"],"aioseo_notices":[],"_links":{"self":[{"href":"https:\/\/prosesdanismanlik.com\/index.php\/wp-json\/wp\/v2\/pages\/13438","targetHints":{"allow":["GET"]}}],"collection":[{"href":"https:\/\/prosesdanismanlik.com\/index.php\/wp-json\/wp\/v2\/pages"}],"about":[{"href":"https:\/\/prosesdanismanlik.com\/index.php\/wp-json\/wp\/v2\/types\/page"}],"author":[{"embeddable":true,"href":"https:\/\/prosesdanismanlik.com\/index.php\/wp-json\/wp\/v2\/users\/1"}],"replies":[{"embeddable":true,"href":"https:\/\/prosesdanismanlik.com\/index.php\/wp-json\/wp\/v2\/comments?post=13438"}],"version-history":[{"count":19,"href":"https:\/\/prosesdanismanlik.com\/index.php\/wp-json\/wp\/v2\/pages\/13438\/revisions"}],"predecessor-version":[{"id":16096,"href":"https:\/\/prosesdanismanlik.com\/index.php\/wp-json\/wp\/v2\/pages\/13438\/revisions\/16096"}],"wp:attachment":[{"href":"https:\/\/prosesdanismanlik.com\/index.php\/wp-json\/wp\/v2\/media?parent=13438"}],"curies":[{"name":"wp","href":"https:\/\/api.w.org\/{rel}","templated":true}]}}