{"id":15135,"date":"2021-08-20T17:22:25","date_gmt":"2021-08-20T17:22:25","guid":{"rendered":"http:\/\/prosesdanismanlik.com\/?page_id=15135"},"modified":"2021-08-21T21:03:07","modified_gmt":"2021-08-21T21:03:07","slug":"insan-kaynaklari-yonetim-danismanligi","status":"publish","type":"page","link":"https:\/\/prosesdanismanlik.com\/index.php\/insan-kaynaklari-yonetim-danismanligi\/","title":{"rendered":"\u0130nsan Kaynaklar\u0131 Y\u00f6netim Dan\u0131\u015fmanl\u0131\u011f\u0131"},"content":{"rendered":"\t\t<div data-elementor-type=\"wp-page\" data-elementor-id=\"15135\" class=\"elementor elementor-15135\">\n\t\t\t\t\t\t<section class=\"elementor-section elementor-top-section elementor-element elementor-element-c3edfa4 elementor-section-boxed elementor-section-height-default elementor-section-height-default\" data-id=\"c3edfa4\" data-element_type=\"section\">\n\t\t\t\t\t\t<div class=\"elementor-container elementor-column-gap-default\">\n\t\t\t\t\t<div class=\"elementor-column elementor-col-100 elementor-top-column elementor-element elementor-element-d872ade\" data-id=\"d872ade\" data-element_type=\"column\">\n\t\t\t<div class=\"elementor-widget-wrap elementor-element-populated\">\n\t\t\t\t\t\t<div class=\"elementor-element elementor-element-0237003 elementor-widget elementor-widget-text-editor\" data-id=\"0237003\" data-element_type=\"widget\" data-widget_type=\"text-editor.default\">\n\t\t\t\t<div class=\"elementor-widget-container\">\n\t\t\t\t\t\t\t\t\t<p>\u0130nsan kayna\u011f\u0131n\u0131n do\u011fru kullan\u0131lmas\u0131 bir i\u015fletmenin ba\u015far\u0131l\u0131 olmas\u0131 i\u00e7in en \u00f6nemli kriterdir. K\u00e2r elde etmek, i\u015fletme i\u00e7in do\u011fru marka bilinirli\u011fi ve itibar\u0131 olu\u015fturmak, rekabete ortak olmak, s\u00fcrd\u00fcr\u00fclebilir b\u00fcy\u00fcmenin devaml\u0131l\u0131\u011f\u0131 sa\u011flamak gibi konularda i\u015fletmenin sahip oldu\u011fu kaynaklar\u0131n i\u015fletme i\u00e7in en verimli \u015fekilde kullan\u0131lmas\u0131 ancak do\u011fru ve etkin insan kayna\u011f\u0131 ile m\u00fcmk\u00fcnd\u00fcr. Do\u011fru insan kayna\u011f\u0131 ancak m\u00fc\u015fterilerine do\u011fru kurum k\u00fclt\u00fcr\u00fcn\u00fc aktarabilmektedir.<\/p><p>\u00c7al\u0131\u015fan verimlili\u011fi, \u015firketin verimlili\u011fimi etkileyen en \u00f6nemli kaynakt\u0131r. Performans\u0131 do\u011fru \u00f6l\u00e7\u00fcmlendirilip de\u011ferlendirilen, yetkinli\u011fi e\u011fitimlerle desteklenen, sa\u011fl\u0131kl\u0131 \u00e7al\u0131\u015fma ortam\u0131 sa\u011flanan personel kuruma itimat eder ve olas\u0131 negatif ko\u015fullara kar\u015f\u0131 dahi sadakatini koruyabilmektedir.<\/p>\t\t\t\t\t\t\t\t<\/div>\n\t\t\t\t<\/div>\n\t\t\t\t\t<\/div>\n\t\t<\/div>\n\t\t\t\t\t<\/div>\n\t\t<\/section>\n\t\t\t\t<section class=\"elementor-section elementor-top-section elementor-element elementor-element-c76fd9c elementor-section-boxed elementor-section-height-default elementor-section-height-default\" data-id=\"c76fd9c\" data-element_type=\"section\">\n\t\t\t\t\t\t<div class=\"elementor-container elementor-column-gap-default\">\n\t\t\t\t\t<div class=\"elementor-column elementor-col-100 elementor-top-column elementor-element elementor-element-01b0c2b\" data-id=\"01b0c2b\" data-element_type=\"column\">\n\t\t\t<div class=\"elementor-widget-wrap elementor-element-populated\">\n\t\t\t\t\t\t<div class=\"elementor-element elementor-element-4a19553 elementor-widget elementor-widget-heading\" data-id=\"4a19553\" data-element_type=\"widget\" data-widget_type=\"heading.default\">\n\t\t\t\t<div class=\"elementor-widget-container\">\n\t\t\t\t\t<h2 class=\"elementor-heading-title elementor-size-default\">\u0130nsan Kaynaklar\u0131 Y\u00f6netiminin Hedefleri<\/h2>\t\t\t\t<\/div>\n\t\t\t\t<\/div>\n\t\t\t\t<section class=\"elementor-section elementor-inner-section elementor-element elementor-element-5d58c51 elementor-section-boxed elementor-section-height-default elementor-section-height-default\" data-id=\"5d58c51\" data-element_type=\"section\">\n\t\t\t\t\t\t<div class=\"elementor-container elementor-column-gap-default\">\n\t\t\t\t\t<div class=\"elementor-column elementor-col-50 elementor-inner-column elementor-element elementor-element-e2caea2\" data-id=\"e2caea2\" data-element_type=\"column\">\n\t\t\t<div class=\"elementor-widget-wrap elementor-element-populated\">\n\t\t\t\t\t\t<div class=\"elementor-element elementor-element-7839117 elementor-icon-list--layout-traditional elementor-list-item-link-full_width elementor-invisible elementor-widget elementor-widget-icon-list\" data-id=\"7839117\" data-element_type=\"widget\" data-settings=\"{&quot;_animation&quot;:&quot;fadeInLeft&quot;}\" data-widget_type=\"icon-list.default\">\n\t\t\t\t<div class=\"elementor-widget-container\">\n\t\t\t\t\t\t\t<ul class=\"elementor-icon-list-items\">\n\t\t\t\t\t\t\t<li class=\"elementor-icon-list-item\">\n\t\t\t\t\t\t\t\t\t\t\t<span class=\"elementor-icon-list-icon\">\n\t\t\t\t\t\t\t<i aria-hidden=\"true\" class=\"fas fa-compress-arrows-alt\"><\/i>\t\t\t\t\t\t<\/span>\n\t\t\t\t\t\t\t\t\t\t<span class=\"elementor-icon-list-text\">\u0130\u015fe al\u0131m, se\u00e7me ve terfi y\u00f6netimi<\/span>\n\t\t\t\t\t\t\t\t\t<\/li>\n\t\t\t\t\t\t\t\t<li class=\"elementor-icon-list-item\">\n\t\t\t\t\t\t\t\t\t\t\t<span class=\"elementor-icon-list-icon\">\n\t\t\t\t\t\t\t<i aria-hidden=\"true\" class=\"fas fa-compress-arrows-alt\"><\/i>\t\t\t\t\t\t<\/span>\n\t\t\t\t\t\t\t\t\t\t<span class=\"elementor-icon-list-text\">\u00c7al\u0131\u015fanlara sa\u011flanan fayda programlar\u0131n\u0131n y\u00f6netimi<\/span>\n\t\t\t\t\t\t\t\t\t<\/li>\n\t\t\t\t\t\t\t\t<li class=\"elementor-icon-list-item\">\n\t\t\t\t\t\t\t\t\t\t\t<span class=\"elementor-icon-list-icon\">\n\t\t\t\t\t\t\t<i aria-hidden=\"true\" class=\"fas fa-compress-arrows-alt\"><\/i>\t\t\t\t\t\t<\/span>\n\t\t\t\t\t\t\t\t\t\t<span class=\"elementor-icon-list-text\">\u00c7al\u0131\u015fanlar\u0131n geli\u015ftirilmesi ve e\u011fitilmesi<\/span>\n\t\t\t\t\t\t\t\t\t<\/li>\n\t\t\t\t\t\t\t\t<li class=\"elementor-icon-list-item\">\n\t\t\t\t\t\t\t\t\t\t\t<span class=\"elementor-icon-list-icon\">\n\t\t\t\t\t\t\t<i aria-hidden=\"true\" class=\"fas fa-compress-arrows-alt\"><\/i>\t\t\t\t\t\t<\/span>\n\t\t\t\t\t\t\t\t\t\t<span class=\"elementor-icon-list-text\">Performans y\u00f6netimi<\/span>\n\t\t\t\t\t\t\t\t\t<\/li>\n\t\t\t\t\t\t\t\t<li class=\"elementor-icon-list-item\">\n\t\t\t\t\t\t\t\t\t\t\t<span class=\"elementor-icon-list-icon\">\n\t\t\t\t\t\t\t<i aria-hidden=\"true\" class=\"fas fa-compress-arrows-alt\"><\/i>\t\t\t\t\t\t<\/span>\n\t\t\t\t\t\t\t\t\t\t<span class=\"elementor-icon-list-text\">Yeni i\u015fe al\u0131nan \u00e7al\u0131\u015fanlar\u0131n adaptasyon s\u00fcrecinin y\u00f6netimi<\/span>\n\t\t\t\t\t\t\t\t\t<\/li>\n\t\t\t\t\t\t\t\t<li class=\"elementor-icon-list-item\">\n\t\t\t\t\t\t\t\t\t\t\t<span class=\"elementor-icon-list-icon\">\n\t\t\t\t\t\t\t<i aria-hidden=\"true\" class=\"fas fa-compress-arrows-alt\"><\/i>\t\t\t\t\t\t<\/span>\n\t\t\t\t\t\t\t\t\t\t<span class=\"elementor-icon-list-text\">\u0130\u015f ili\u015fkilerinin y\u00f6netimi<\/span>\n\t\t\t\t\t\t\t\t\t<\/li>\n\t\t\t\t\t\t\t\t<li class=\"elementor-icon-list-item\">\n\t\t\t\t\t\t\t\t\t\t\t<span class=\"elementor-icon-list-icon\">\n\t\t\t\t\t\t\t<i aria-hidden=\"true\" class=\"fas fa-compress-arrows-alt\"><\/i>\t\t\t\t\t\t<\/span>\n\t\t\t\t\t\t\t\t\t\t<span class=\"elementor-icon-list-text\">\u00c7al\u0131\u015fanlar i\u00e7in sa\u011fl\u0131k ve g\u00fcvenlik \u015fartlar\u0131n\u0131n sa\u011flanmas\u0131<\/span>\n\t\t\t\t\t\t\t\t\t<\/li>\n\t\t\t\t\t\t\t\t<li class=\"elementor-icon-list-item\">\n\t\t\t\t\t\t\t\t\t\t\t<span class=\"elementor-icon-list-icon\">\n\t\t\t\t\t\t\t<i aria-hidden=\"true\" class=\"fas fa-compress-arrows-alt\"><\/i>\t\t\t\t\t\t<\/span>\n\t\t\t\t\t\t\t\t\t\t<span class=\"elementor-icon-list-text\">\u015eirketin temel de\u011ferlerinin ve k\u00fclt\u00fcr\u00fcn\u00fcn korunmas\u0131<\/span>\n\t\t\t\t\t\t\t\t\t<\/li>\n\t\t\t\t\t\t\t\t<li class=\"elementor-icon-list-item\">\n\t\t\t\t\t\t\t\t\t\t\t<span class=\"elementor-icon-list-icon\">\n\t\t\t\t\t\t\t<i aria-hidden=\"true\" class=\"fas fa-compress-arrows-alt\"><\/i>\t\t\t\t\t\t<\/span>\n\t\t\t\t\t\t\t\t\t\t<span class=\"elementor-icon-list-text\">\u00c7al\u0131\u015fan motivasyonunun sa\u011flanmas\u0131<\/span>\n\t\t\t\t\t\t\t\t\t<\/li>\n\t\t\t\t\t\t\t\t<li class=\"elementor-icon-list-item\">\n\t\t\t\t\t\t\t\t\t\t\t<span class=\"elementor-icon-list-icon\">\n\t\t\t\t\t\t\t<i aria-hidden=\"true\" class=\"fas fa-compress-arrows-alt\"><\/i>\t\t\t\t\t\t<\/span>\n\t\t\t\t\t\t\t\t\t\t<span class=\"elementor-icon-list-text\">Personel sirk\u00fclasyonun minimize edilmesi<\/span>\n\t\t\t\t\t\t\t\t\t<\/li>\n\t\t\t\t\t\t\t\t<li class=\"elementor-icon-list-item\">\n\t\t\t\t\t\t\t\t\t\t\t<span class=\"elementor-icon-list-icon\">\n\t\t\t\t\t\t\t<i aria-hidden=\"true\" class=\"fas fa-compress-arrows-alt\"><\/i>\t\t\t\t\t\t<\/span>\n\t\t\t\t\t\t\t\t\t\t<span class=\"elementor-icon-list-text\">Nitelikli personel say\u0131s\u0131n\u0131n maksimize edilmesi<\/span>\n\t\t\t\t\t\t\t\t\t<\/li>\n\t\t\t\t\t\t<\/ul>\n\t\t\t\t\t\t<\/div>\n\t\t\t\t<\/div>\n\t\t\t\t\t<\/div>\n\t\t<\/div>\n\t\t\t\t<div class=\"elementor-column elementor-col-50 elementor-inner-column elementor-element elementor-element-cd58f6e\" data-id=\"cd58f6e\" data-element_type=\"column\">\n\t\t\t<div class=\"elementor-widget-wrap elementor-element-populated\">\n\t\t\t\t\t\t<div class=\"elementor-element elementor-element-4e32462 elementor-widget elementor-widget-image\" data-id=\"4e32462\" data-element_type=\"widget\" data-widget_type=\"image.default\">\n\t\t\t\t<div class=\"elementor-widget-container\">\n\t\t\t\t\t\t\t\t\t\t\t\t\t\t\t<img fetchpriority=\"high\" decoding=\"async\" width=\"360\" height=\"240\" src=\"https:\/\/prosesdanismanlik.com\/wp-content\/uploads\/2021\/08\/1231.jpg\" class=\"attachment-large size-large wp-image-15308\" alt=\"\" srcset=\"https:\/\/prosesdanismanlik.com\/wp-content\/uploads\/2021\/08\/1231.jpg 360w, https:\/\/prosesdanismanlik.com\/wp-content\/uploads\/2021\/08\/1231-300x200.jpg 300w\" sizes=\"(max-width: 360px) 100vw, 360px\" \/>\t\t\t\t\t\t\t\t\t\t\t\t\t\t\t<\/div>\n\t\t\t\t<\/div>\n\t\t\t\t\t<\/div>\n\t\t<\/div>\n\t\t\t\t\t<\/div>\n\t\t<\/section>\n\t\t\t\t\t<\/div>\n\t\t<\/div>\n\t\t\t\t\t<\/div>\n\t\t<\/section>\n\t\t\t\t<section class=\"elementor-section elementor-top-section elementor-element elementor-element-0b76bf3 elementor-section-boxed elementor-section-height-default elementor-section-height-default\" data-id=\"0b76bf3\" data-element_type=\"section\">\n\t\t\t\t\t\t<div class=\"elementor-container elementor-column-gap-default\">\n\t\t\t\t\t<div class=\"elementor-column elementor-col-100 elementor-top-column elementor-element elementor-element-ebc91fc\" data-id=\"ebc91fc\" data-element_type=\"column\">\n\t\t\t<div class=\"elementor-widget-wrap elementor-element-populated\">\n\t\t\t\t\t\t<div class=\"elementor-element elementor-element-d383e5b elementor-widget elementor-widget-text-editor\" data-id=\"d383e5b\" data-element_type=\"widget\" data-widget_type=\"text-editor.default\">\n\t\t\t\t<div class=\"elementor-widget-container\">\n\t\t\t\t\t\t\t\t\t<p>\u0130nsan kaynaklar\u0131, bir organizasyondaki insan fakt\u00f6r\u00fcyle ilgili t\u00fcm konularla ilgilenen departmand\u0131r.&nbsp;<span style=\"color: var( --e-global-color-secondary );\">Bir \u015firketin \u00fcr\u00fcn veya hizmet \u00fcretebilmek i\u00e7in sahip olmas\u0131 gereken kaynaklar\u0131n en \u00f6nemlilerinden biri de insan kayna\u011f\u0131d\u0131r. \u0130nsan kayna\u011f\u0131 verimli kullan\u0131ld\u0131\u011f\u0131 takdirde, di\u011fer kaynaklar\u0131n verimli kullan\u0131lmas\u0131n\u0131 sa\u011flayacak olan yine insan fakt\u00f6r\u00fcd\u00fcr.<\/span><\/p>\n<p>Rekabetin her ge\u00e7en g\u00fcn k\u0131z\u0131\u015ft\u0131\u011f\u0131 bu d\u00f6nemde \u015firketler, daha iyi \u00e7al\u0131\u015fanlara sahip olarak rakiplerinin \u00f6n\u00fcne ge\u00e7meye \u00e7al\u0131\u015f\u0131yor. \u0130yi e\u011fitim alm\u0131\u015f, nitelikli ve \u015firket k\u00fclt\u00fcr\u00fcne uygun \u00e7al\u0131\u015fanlar\u0131 b\u00fcnyesinde bulundurmak \u015firketler i\u00e7in b\u00fcy\u00fck \u00f6nem arz ediyor. D\u00fcnya h\u0131zla de\u011fi\u015firken, \u015firketler de de\u011fi\u015fime ayak uydurabilecek \u00e7al\u0131\u015fanlara ihtiya\u00e7 duyulmaktad\u0131r.<\/p>\t\t\t\t\t\t\t\t<\/div>\n\t\t\t\t<\/div>\n\t\t\t\t\t<\/div>\n\t\t<\/div>\n\t\t\t\t\t<\/div>\n\t\t<\/section>\n\t\t\t\t<section class=\"elementor-section elementor-top-section elementor-element elementor-element-8037f05 elementor-section-boxed elementor-section-height-default elementor-section-height-default\" data-id=\"8037f05\" data-element_type=\"section\" data-settings=\"{&quot;background_background&quot;:&quot;classic&quot;}\">\n\t\t\t\t\t\t<div class=\"elementor-container elementor-column-gap-default\">\n\t\t\t\t\t<div class=\"elementor-column elementor-col-100 elementor-top-column elementor-element elementor-element-daa65cf\" data-id=\"daa65cf\" data-element_type=\"column\">\n\t\t\t<div class=\"elementor-widget-wrap elementor-element-populated\">\n\t\t\t\t\t\t<div class=\"elementor-element elementor-element-75bbae2 elementor-widget elementor-widget-heading\" data-id=\"75bbae2\" data-element_type=\"widget\" data-widget_type=\"heading.default\">\n\t\t\t\t<div class=\"elementor-widget-container\">\n\t\t\t\t\t<h2 class=\"elementor-heading-title elementor-size-default\">Proses Dan\u0131\u015fmanl\u0131k olarak;<\/h2>\t\t\t\t<\/div>\n\t\t\t\t<\/div>\n\t\t\t\t<div class=\"elementor-element elementor-element-f53ea29 elementor-icon-list--layout-traditional elementor-list-item-link-full_width elementor-invisible elementor-widget elementor-widget-icon-list\" data-id=\"f53ea29\" data-element_type=\"widget\" data-settings=\"{&quot;_animation&quot;:&quot;fadeInLeft&quot;}\" data-widget_type=\"icon-list.default\">\n\t\t\t\t<div class=\"elementor-widget-container\">\n\t\t\t\t\t\t\t<ul class=\"elementor-icon-list-items\">\n\t\t\t\t\t\t\t<li class=\"elementor-icon-list-item\">\n\t\t\t\t\t\t\t\t\t\t\t<span class=\"elementor-icon-list-icon\">\n\t\t\t\t\t\t\t<i aria-hidden=\"true\" class=\"fas fa-dice-d20\"><\/i>\t\t\t\t\t\t<\/span>\n\t\t\t\t\t\t\t\t\t\t<span class=\"elementor-icon-list-text\">Etkin bir insan kaynaklar\u0131 politikas\u0131 olu\u015ftururuz,<\/span>\n\t\t\t\t\t\t\t\t\t<\/li>\n\t\t\t\t\t\t\t\t<li class=\"elementor-icon-list-item\">\n\t\t\t\t\t\t\t\t\t\t\t<span class=\"elementor-icon-list-icon\">\n\t\t\t\t\t\t\t<i aria-hidden=\"true\" class=\"fas fa-dice-d20\"><\/i>\t\t\t\t\t\t<\/span>\n\t\t\t\t\t\t\t\t\t\t<span class=\"elementor-icon-list-text\">Kurulu\u015fun reel organizasyon \u015femas\u0131n\u0131 olu\u015ftururuz,<\/span>\n\t\t\t\t\t\t\t\t\t<\/li>\n\t\t\t\t\t\t\t\t<li class=\"elementor-icon-list-item\">\n\t\t\t\t\t\t\t\t\t\t\t<span class=\"elementor-icon-list-icon\">\n\t\t\t\t\t\t\t<i aria-hidden=\"true\" class=\"fas fa-dice-d20\"><\/i>\t\t\t\t\t\t<\/span>\n\t\t\t\t\t\t\t\t\t\t<span class=\"elementor-icon-list-text\">Verimi artt\u0131rmak i\u00e7in ihtiya\u00e7 duyulan yeni birimleri kurar\u0131z,<\/span>\n\t\t\t\t\t\t\t\t\t<\/li>\n\t\t\t\t\t\t\t\t<li class=\"elementor-icon-list-item\">\n\t\t\t\t\t\t\t\t\t\t\t<span class=\"elementor-icon-list-icon\">\n\t\t\t\t\t\t\t<i aria-hidden=\"true\" class=\"fas fa-dice-d20\"><\/i>\t\t\t\t\t\t<\/span>\n\t\t\t\t\t\t\t\t\t\t<span class=\"elementor-icon-list-text\">Departman baz\u0131nda organizasyon \u015femalar\u0131n\u0131 olu\u015ftururuz,<\/span>\n\t\t\t\t\t\t\t\t\t<\/li>\n\t\t\t\t\t\t\t\t<li class=\"elementor-icon-list-item\">\n\t\t\t\t\t\t\t\t\t\t\t<span class=\"elementor-icon-list-icon\">\n\t\t\t\t\t\t\t<i aria-hidden=\"true\" class=\"fas fa-dice-d20\"><\/i>\t\t\t\t\t\t<\/span>\n\t\t\t\t\t\t\t\t\t\t<span class=\"elementor-icon-list-text\">Departman bazl\u0131 norm kadro analizi ve sonucunda kurulu\u015f i\u00e7in gerekli kadrolar\u0131n belirleyerek g\u00fcncellemeleri yapar\u0131z,<\/span>\n\t\t\t\t\t\t\t\t\t<\/li>\n\t\t\t\t\t\t\t\t<li class=\"elementor-icon-list-item\">\n\t\t\t\t\t\t\t\t\t\t\t<span class=\"elementor-icon-list-icon\">\n\t\t\t\t\t\t\t<i aria-hidden=\"true\" class=\"fas fa-dice-d20\"><\/i>\t\t\t\t\t\t<\/span>\n\t\t\t\t\t\t\t\t\t\t<span class=\"elementor-icon-list-text\">Y\u00f6neticilere yetkinlik anketleri d\u00fczenleyerek potansiyel \u00f6l\u00e7\u00fcmlerini yapar\u0131z,<\/span>\n\t\t\t\t\t\t\t\t\t<\/li>\n\t\t\t\t\t\t\t\t<li class=\"elementor-icon-list-item\">\n\t\t\t\t\t\t\t\t\t\t\t<span class=\"elementor-icon-list-icon\">\n\t\t\t\t\t\t\t<i aria-hidden=\"true\" class=\"fas fa-dice-d20\"><\/i>\t\t\t\t\t\t<\/span>\n\t\t\t\t\t\t\t\t\t\t<span class=\"elementor-icon-list-text\">Personel \u00f6zl\u00fck i\u015flemlerinin 4857 say\u0131l\u0131 \u0130\u015f Kanununa uygunluk denetimlerini yapar ve gerekli iyile\u015ftirme \u00f6nerilerini sunar\u0131z,<\/span>\n\t\t\t\t\t\t\t\t\t<\/li>\n\t\t\t\t\t\t\t\t<li class=\"elementor-icon-list-item\">\n\t\t\t\t\t\t\t\t\t\t\t<span class=\"elementor-icon-list-icon\">\n\t\t\t\t\t\t\t<i aria-hidden=\"true\" class=\"fas fa-dice-d20\"><\/i>\t\t\t\t\t\t<\/span>\n\t\t\t\t\t\t\t\t\t\t<span class=\"elementor-icon-list-text\">Personel i\u015f s\u00f6zle\u015fmelerinin g\u00fcncel i\u015f kanunu ve ilgili y\u00f6netmeliklere g\u00f6re yeniden haz\u0131rlar\u0131z,<\/span>\n\t\t\t\t\t\t\t\t\t<\/li>\n\t\t\t\t\t\t\t\t<li class=\"elementor-icon-list-item\">\n\t\t\t\t\t\t\t\t\t\t\t<span class=\"elementor-icon-list-icon\">\n\t\t\t\t\t\t\t<i aria-hidden=\"true\" class=\"fas fa-dice-d20\"><\/i>\t\t\t\t\t\t<\/span>\n\t\t\t\t\t\t\t\t\t\t<span class=\"elementor-icon-list-text\">Y\u00f6neticilere DISC testi uygular, geli\u015ftirilmesi gereken konularda gerekli e\u011fitim ve uygulamalar\u0131 planlar\u0131z,<\/span>\n\t\t\t\t\t\t\t\t\t<\/li>\n\t\t\t\t\t\t\t\t<li class=\"elementor-icon-list-item\">\n\t\t\t\t\t\t\t\t\t\t\t<span class=\"elementor-icon-list-icon\">\n\t\t\t\t\t\t\t<i aria-hidden=\"true\" class=\"fas fa-dice-d20\"><\/i>\t\t\t\t\t\t<\/span>\n\t\t\t\t\t\t\t\t\t\t<span class=\"elementor-icon-list-text\">Kurumsal personel \u00fccret y\u00f6netim sistemini kurar\u0131z,<\/span>\n\t\t\t\t\t\t\t\t\t<\/li>\n\t\t\t\t\t\t\t\t<li class=\"elementor-icon-list-item\">\n\t\t\t\t\t\t\t\t\t\t\t<span class=\"elementor-icon-list-icon\">\n\t\t\t\t\t\t\t<i aria-hidden=\"true\" class=\"fas fa-dice-d20\"><\/i>\t\t\t\t\t\t<\/span>\n\t\t\t\t\t\t\t\t\t\t<span class=\"elementor-icon-list-text\">\u00c7al\u0131\u015fma y\u00f6netmelikleri, talimatlar\u0131 ve prosed\u00fcrleri haz\u0131rlar\u0131z,<\/span>\n\t\t\t\t\t\t\t\t\t<\/li>\n\t\t\t\t\t\t\t\t<li class=\"elementor-icon-list-item\">\n\t\t\t\t\t\t\t\t\t\t\t<span class=\"elementor-icon-list-icon\">\n\t\t\t\t\t\t\t<i aria-hidden=\"true\" class=\"fas fa-dice-d20\"><\/i>\t\t\t\t\t\t<\/span>\n\t\t\t\t\t\t\t\t\t\t<span class=\"elementor-icon-list-text\">\u00d6neri, \u00f6d\u00fcl, \u00fccret ve disiplin sistemini olu\u015ftururuz,<\/span>\n\t\t\t\t\t\t\t\t\t<\/li>\n\t\t\t\t\t\t\t\t<li class=\"elementor-icon-list-item\">\n\t\t\t\t\t\t\t\t\t\t\t<span class=\"elementor-icon-list-icon\">\n\t\t\t\t\t\t\t<i aria-hidden=\"true\" class=\"fas fa-dice-d20\"><\/i>\t\t\t\t\t\t<\/span>\n\t\t\t\t\t\t\t\t\t\t<span class=\"elementor-icon-list-text\">Disiplin ve sorun \u00e7\u00f6z\u00fcm sistemini kurar, ilgili kurullar\u0131 olu\u015fturur ve disiplin y\u00f6netmeliklerini haz\u0131rlar\u0131z,<\/span>\n\t\t\t\t\t\t\t\t\t<\/li>\n\t\t\t\t\t\t\t\t<li class=\"elementor-icon-list-item\">\n\t\t\t\t\t\t\t\t\t\t\t<span class=\"elementor-icon-list-icon\">\n\t\t\t\t\t\t\t<i aria-hidden=\"true\" class=\"fas fa-dice-d20\"><\/i>\t\t\t\t\t\t<\/span>\n\t\t\t\t\t\t\t\t\t\t<span class=\"elementor-icon-list-text\">Performans de\u011ferlendirme y\u00f6netim sistemini olu\u015ftururuz,<\/span>\n\t\t\t\t\t\t\t\t\t<\/li>\n\t\t\t\t\t\t\t\t<li class=\"elementor-icon-list-item\">\n\t\t\t\t\t\t\t\t\t\t\t<span class=\"elementor-icon-list-icon\">\n\t\t\t\t\t\t\t<i aria-hidden=\"true\" class=\"fas fa-dice-d20\"><\/i>\t\t\t\t\t\t<\/span>\n\t\t\t\t\t\t\t\t\t\t<span class=\"elementor-icon-list-text\">Polivalans sistemini haz\u0131rlar ve \u00e7al\u0131\u015fan yetkinliklerinin takibini sa\u011flar\u0131z.<\/span>\n\t\t\t\t\t\t\t\t\t<\/li>\n\t\t\t\t\t\t<\/ul>\n\t\t\t\t\t\t<\/div>\n\t\t\t\t<\/div>\n\t\t\t\t\t<\/div>\n\t\t<\/div>\n\t\t\t\t\t<\/div>\n\t\t<\/section>\n\t\t\t\t<\/div>\n\t\t","protected":false},"excerpt":{"rendered":"<p>\u0130nsan kayna\u011f\u0131n\u0131n do\u011fru kullan\u0131lmas\u0131 bir i\u015fletmenin ba\u015far\u0131l\u0131 olmas\u0131 i\u00e7in en \u00f6nemli kriterdir. K\u00e2r elde etmek, i\u015fletme i\u00e7in do\u011fru marka bilinirli\u011fi ve itibar\u0131 olu\u015fturmak, rekabete ortak olmak, s\u00fcrd\u00fcr\u00fclebilir b\u00fcy\u00fcmenin devaml\u0131l\u0131\u011f\u0131 sa\u011flamak gibi konularda i\u015fletmenin sahip oldu\u011fu kaynaklar\u0131n i\u015fletme i\u00e7in en verimli \u015fekilde kullan\u0131lmas\u0131 ancak do\u011fru ve etkin insan kayna\u011f\u0131 ile m\u00fcmk\u00fcnd\u00fcr. Do\u011fru insan kayna\u011f\u0131 ancak m\u00fc\u015fterilerine&#8230;<\/p>\n","protected":false},"author":1,"featured_media":0,"parent":0,"menu_order":0,"comment_status":"closed","ping_status":"closed","template":"","meta":{"_monsterinsights_skip_tracking":false,"_monsterinsights_sitenote_active":false,"_monsterinsights_sitenote_note":"","_monsterinsights_sitenote_category":0,"footnotes":""},"class_list":["post-15135","page","type-page","status-publish","hentry"],"aioseo_notices":[],"_links":{"self":[{"href":"https:\/\/prosesdanismanlik.com\/index.php\/wp-json\/wp\/v2\/pages\/15135","targetHints":{"allow":["GET"]}}],"collection":[{"href":"https:\/\/prosesdanismanlik.com\/index.php\/wp-json\/wp\/v2\/pages"}],"about":[{"href":"https:\/\/prosesdanismanlik.com\/index.php\/wp-json\/wp\/v2\/types\/page"}],"author":[{"embeddable":true,"href":"https:\/\/prosesdanismanlik.com\/index.php\/wp-json\/wp\/v2\/users\/1"}],"replies":[{"embeddable":true,"href":"https:\/\/prosesdanismanlik.com\/index.php\/wp-json\/wp\/v2\/comments?post=15135"}],"version-history":[{"count":80,"href":"https:\/\/prosesdanismanlik.com\/index.php\/wp-json\/wp\/v2\/pages\/15135\/revisions"}],"predecessor-version":[{"id":15447,"href":"https:\/\/prosesdanismanlik.com\/index.php\/wp-json\/wp\/v2\/pages\/15135\/revisions\/15447"}],"wp:attachment":[{"href":"https:\/\/prosesdanismanlik.com\/index.php\/wp-json\/wp\/v2\/media?parent=15135"}],"curies":[{"name":"wp","href":"https:\/\/api.w.org\/{rel}","templated":true}]}}